{"id":55,"date":"2014-12-21T23:03:44","date_gmt":"2014-12-21T22:03:44","guid":{"rendered":"http:\/\/karkfinken.de\/?page_id=55"},"modified":"2014-12-28T17:36:01","modified_gmt":"2014-12-28T16:36:01","slug":"discographie","status":"publish","type":"page","link":"https:\/\/karkfinken.de\/?page_id=55","title":{"rendered":"Discographie"},"content":{"rendered":"<p>&nbsp;<\/p>\n<ol>\n<li>Nichts geht \u00fcber Helgoland<\/li>\n<li>Twesken Lewwen en Doad<\/li>\n<li>En huallow B\u00fcdel<\/li>\n<li>Seglerlied (Bl\u00e4hende Segel)<\/li>\n<li>Kans de de no<\/li>\n<li>Auch Matrosen haben eine Heimat<\/li>\n<li>Am Golf von Biskaya<\/li>\n<li>Seeman la\u00df das Tr\u00e4umen<\/li>\n<li>Hallunder Flaggenleet<\/li>\n<li>Hebt den Kelch<\/li>\n<li>Iis Lunn lait medn uun Weeter<\/li>\n<li>Weihnachtskl\u00e4nge<\/li>\n<li>Nur um ein Glas Bier<\/li>\n<li>Letj Foamele en letj Bl\u00f6mken<\/li>\n<li>Keen Dai s\u00f6nner Barnwiin<\/li>\n<li>Nun ist mein Seesack wieder klar<\/li>\n<li>Stolz ist das Schiff<\/li>\n<li>Antje mein blondes Kind<\/li>\n<li>Karkfinkenleet<\/li>\n<li>As djong Gas<\/li>\n<li>De Wonter es verbid (Ei, ei, ei Maria)<\/li>\n<li>De schtjuur Joarestidn<\/li>\n<li>Biskaya &#8211; Pott<\/li>\n<li>Nur nicht den Kopf h\u00e4ngen lassen<\/li>\n<li>Helgoland ist sch\u00f6n<\/li>\n<li>Der Junge an der Reling<\/li>\n<li>Sloop \u201eJohn B\u201c<\/li>\n<li>Carry me back to old Virginny<\/li>\n<li>Gloryland<\/li>\n<li>Der alte Seemann<\/li>\n<li>Kleine M\u00f6we-Pott (Jeder Mensch mu\u00df einmal&#8230;.)<\/li>\n<li>Anchors away<\/li>\n<li>De Hamborger Veermaster<\/li>\n<li>Seepott (Heut\u2019 geht es an Bord)<\/li>\n<li>Yellow Rose of Texas<\/li>\n<li>Ami I\u00a0\u00a0\u00a0\u00a0 ( He\u2019s got the whole world )<\/li>\n<li>Ami II\u00a0\u00a0 ( Comme on my sweethart )<\/li>\n<li>Frag\u2019 mich nicht nach meinen Tr\u00e4umen<\/li>\n<li>Die gro\u00dfe Freiheit<\/li>\n<li>Sch\u00f6n ist die Liebe im Hafen<\/li>\n<li>De Hoffnung<\/li>\n<li>Oh Johnny, Johnny, John<\/li>\n<li>Die Kneipe am Moor<\/li>\n<li>Hein Cohrs<\/li>\n<li>Und denn segelt wi so langsam<\/li>\n<li>The old Tringle<\/li>\n<li>Nun ade du &#8211; Pott &#8211;<\/li>\n<li>Heimweh nach St.Pauli<\/li>\n<li>Schwalbenlied<\/li>\n<li>Whisky Johnny<\/li>\n<li>Up she goes (Baltimore)<\/li>\n<li>Amazing Grace<\/li>\n<li>Einmal noch nach Bombay<\/li>\n<li>Tipperary Song<\/li>\n<li>The leaving of Liverpool<\/li>\n<li>Die Brigg Annabell<\/li>\n<li>Helgolandwalzer<\/li>\n<li>Freesenleed<\/li>\n<li>Retter-Song oder DGzRS-Marsch<\/li>\n<li>Kari waits for me<\/li>\n<li>Keine Frau ist so sch\u00f6n wie die Freiheit<\/li>\n<li>La Paloma<\/li>\n<li>Drunken Sailor<\/li>\n<li>Santiano<\/li>\n<\/ol>\n","protected":false},"excerpt":{"rendered":"<p>&nbsp; Nichts geht \u00fcber Helgoland Twesken Lewwen en Doad En huallow B\u00fcdel Seglerlied (Bl\u00e4hende Segel) Kans de de no Auch Matrosen haben eine Heimat Am Golf von Biskaya Seeman la\u00df [&hellip;]<\/p>\n","protected":false},"author":1,"featured_media":0,"parent":0,"menu_order":0,"comment_status":"closed","ping_status":"closed","template":"","meta":{"footnotes":""},"_links":{"self":[{"href":"https:\/\/karkfinken.de\/index.php?rest_route=\/wp\/v2\/pages\/55"}],"collection":[{"href":"https:\/\/karkfinken.de\/index.php?rest_route=\/wp\/v2\/pages"}],"about":[{"href":"https:\/\/karkfinken.de\/index.php?rest_route=\/wp\/v2\/types\/page"}],"author":[{"embeddable":true,"href":"https:\/\/karkfinken.de\/index.php?rest_route=\/wp\/v2\/users\/1"}],"replies":[{"embeddable":true,"href":"https:\/\/karkfinken.de\/index.php?rest_route=%2Fwp%2Fv2%2Fcomments&post=55"}],"version-history":[{"count":3,"href":"https:\/\/karkfinken.de\/index.php?rest_route=\/wp\/v2\/pages\/55\/revisions"}],"predecessor-version":[{"id":85,"href":"https:\/\/karkfinken.de\/index.php?rest_route=\/wp\/v2\/pages\/55\/revisions\/85"}],"wp:attachment":[{"href":"https:\/\/karkfinken.de\/index.php?rest_route=%2Fwp%2Fv2%2Fmedia&parent=55"}],"curies":[{"name":"wp","href":"https:\/\/api.w.org\/{rel}","templated":true}]}}